{"id":55,"date":"2022-04-18T10:31:05","date_gmt":"2022-04-18T08:31:05","guid":{"rendered":"http:\/\/aquarelleschatelain.fr\/?page_id=55"},"modified":"2022-05-14T11:52:00","modified_gmt":"2022-05-14T09:52:00","slug":"presentation-aquarelles-chatelain","status":"publish","type":"page","link":"https:\/\/aquarelleschatelain.fr\/index.php\/presentation-aquarelles-chatelain\/","title":{"rendered":"Pr\u00e9sentation"},"content":{"rendered":"\t\t<div data-elementor-type=\"wp-page\" data-elementor-id=\"55\" class=\"elementor elementor-55\">\n\t\t\t\t\t\t<section class=\"elementor-section elementor-top-section elementor-element elementor-element-2ac26d36 elementor-section-boxed elementor-section-height-default elementor-section-height-default\" data-id=\"2ac26d36\" data-element_type=\"section\">\n\t\t\t\t\t\t<div class=\"elementor-container elementor-column-gap-default\">\n\t\t\t\t\t<div class=\"elementor-column elementor-col-100 elementor-top-column elementor-element elementor-element-756477e9\" data-id=\"756477e9\" data-element_type=\"column\">\n\t\t\t<div class=\"elementor-widget-wrap elementor-element-populated\">\n\t\t\t\t\t\t<div class=\"elementor-element elementor-element-73a16789 elementor-widget__width-initial elementor-widget elementor-widget-text-editor\" data-id=\"73a16789\" data-element_type=\"widget\" data-widget_type=\"text-editor.default\">\n\t\t\t\t<div class=\"elementor-widget-container\">\n\t\t\t<style>\/*! elementor - v3.21.0 - 26-05-2024 *\/\n.elementor-widget-text-editor.elementor-drop-cap-view-stacked .elementor-drop-cap{background-color:#69727d;color:#fff}.elementor-widget-text-editor.elementor-drop-cap-view-framed .elementor-drop-cap{color:#69727d;border:3px solid;background-color:transparent}.elementor-widget-text-editor:not(.elementor-drop-cap-view-default) .elementor-drop-cap{margin-top:8px}.elementor-widget-text-editor:not(.elementor-drop-cap-view-default) .elementor-drop-cap-letter{width:1em;height:1em}.elementor-widget-text-editor .elementor-drop-cap{float:left;text-align:center;line-height:1;font-size:50px}.elementor-widget-text-editor .elementor-drop-cap-letter{display:inline-block}<\/style>\t\t\t\t<p>Initi\u00e9 au dessin et \u00e0 la peinture \u00e0 l&rsquo;huile en 1965 \u00e0 l&rsquo;\u00e9cole Corbon dans le XVe arrondissement de Paris, je me passionne tr\u00e8s t\u00f4t pour l&rsquo;aquarelle.<\/p><p>Devenu artisan, j&rsquo;ai continu\u00e9 \u00e0 vivre intens\u00e9ment cette passion compl\u00e9mentaire \u00e0 ma profession et \u00e0 suivre, dans les ann\u00e9es 80 les pr\u00e9cieux cours de l&rsquo;aquarelliste Ray David qui me donne la possibilit\u00e9 d&rsquo;affiner ma technique mais \u00e9galement de participer \u00e0 de nombreuses expositions.<\/p><figure><figure style=\"width: 314px\" class=\"wp-caption aligncenter\"><img fetchpriority=\"high\" class=\"\" src=\"http:\/\/aquarelleschatelain.fr\/wp-content\/uploads\/2022\/04\/1649350763279-1-768x1365.jpg\" alt=\"Portrait\" width=\"314\" height=\"558\" \/><figcaption class=\"wp-caption-text\">Dominique Chatelain, avril 2022.<\/figcaption><\/figure><\/figure><p>L&rsquo;aquarelle que l&rsquo;on qualifie parfois de \u00ab\u00a0peinture de la lumi\u00e8re\u00a0\u00bb tant elle\u00a0 n\u00e9cessite la ma\u00eetrise de la compr\u00e9hension des jeux d&rsquo;ombre et de la lumi\u00e8re m&rsquo;a procur\u00e9 un sentiment incomparable.<\/p><p>Peinture de la spontan\u00e9it\u00e9 et de l&rsquo;instinct, l&rsquo;aquarelle permet d&rsquo;obtenir des effets uniques, notamment sur le ciel et les reflets dans l&rsquo;eau susceptibles de rendre une peinture vivante, ce qui constitue la priorit\u00e9 de ma recherche cr\u00e9ative. Depuis de longues ann\u00e9es,\u00a0 les paysages normands de la C\u00f4te Fleurie constituent une grande partie de mes sujets de tableaux.<\/p><p><iframe title=\"aquarelleschatelain.mp4\" src=\"https:\/\/player.vimeo.com\/video\/705053211?h=50ee367e56&amp;dnt=1&amp;app_id=122963\" width=\"580\" height=\"326\" frameborder=\"0\" allow=\"autoplay; fullscreen; picture-in-picture\" allowfullscreen><\/iframe><\/p><p>J&rsquo;aime rendre hommage, en particulier aux villes de <a href=\"https:\/\/www.cabourg.fr\/\" target=\"_blank\" rel=\"noopener\">Cabourg<\/a>, <a href=\"https:\/\/www.indeauville.fr\/\" target=\"_blank\" rel=\"noopener\">Deauville<\/a> et <a href=\"https:\/\/www.trouvillesurmer.org\/\" target=\"_blank\" rel=\"noopener\">Trouville-sur-Mer<\/a> dont le littoral est une constante source d&rsquo;inspiration.<\/p><p>J&rsquo;esp\u00e8re vous faire partager \u00e0 travers mes peintures mon amour pour les villes et les paysages de cette r\u00e9gion.<\/p><p>Dominique.<\/p>\t\t\t\t\t\t<\/div>\n\t\t\t\t<\/div>\n\t\t\t\t\t<\/div>\n\t\t<\/div>\n\t\t\t\t\t<\/div>\n\t\t<\/section>\n\t\t\t\t<section class=\"elementor-section elementor-top-section elementor-element elementor-element-a6c7b37 elementor-section-boxed elementor-section-height-default elementor-section-height-default\" data-id=\"a6c7b37\" data-element_type=\"section\">\n\t\t\t\t\t\t<div class=\"elementor-container elementor-column-gap-default\">\n\t\t\t\t\t<div class=\"elementor-column elementor-col-100 elementor-top-column elementor-element elementor-element-82eb2a1\" data-id=\"82eb2a1\" data-element_type=\"column\">\n\t\t\t<div class=\"elementor-widget-wrap elementor-element-populated\">\n\t\t\t\t\t\t<div class=\"elementor-element elementor-element-a5bcd70 elementor-widget elementor-widget-image\" data-id=\"a5bcd70\" data-element_type=\"widget\" data-widget_type=\"image.default\">\n\t\t\t\t<div class=\"elementor-widget-container\">\n\t\t\t<style>\/*! elementor - v3.21.0 - 26-05-2024 *\/\n.elementor-widget-image{text-align:center}.elementor-widget-image a{display:inline-block}.elementor-widget-image a img[src$=\".svg\"]{width:48px}.elementor-widget-image img{vertical-align:middle;display:inline-block}<\/style>\t\t\t\t\t\t\t\t\t\t\t<a href=\"http:\/\/aquarelleschatelain.fr\/\">\n\t\t\t\t\t\t\t<img width=\"103\" height=\"86\" src=\"https:\/\/aquarelleschatelain.fr\/wp-content\/uploads\/2022\/04\/cropped-logo-site-2.png\" class=\"attachment-large size-large wp-image-355\" alt=\"AC\" \/>\t\t\t\t\t\t\t\t<\/a>\n\t\t\t\t\t\t\t\t\t\t\t\t\t<\/div>\n\t\t\t\t<\/div>\n\t\t\t\t\t<\/div>\n\t\t<\/div>\n\t\t\t\t\t<\/div>\n\t\t<\/section>\n\t\t\t\t<\/div>\n\t\t","protected":false},"excerpt":{"rendered":"<p>Initi\u00e9 au dessin et \u00e0 la peinture \u00e0 l&rsquo;huile en 1965 \u00e0 l&rsquo;\u00e9cole Corbon dans le XVe arrondissement de Paris, je me passionne tr\u00e8s t\u00f4t pour l&rsquo;aquarelle. Devenu artisan, j&rsquo;ai continu\u00e9 \u00e0 vivre intens\u00e9ment cette passion compl\u00e9mentaire \u00e0 ma profession et \u00e0 suivre, dans les ann\u00e9es 80 les pr\u00e9cieux cours de l&rsquo;aquarelliste Ray David qui [&hellip;]<\/p>\n","protected":false},"author":1,"featured_media":0,"parent":0,"menu_order":0,"comment_status":"closed","ping_status":"closed","template":"","meta":{"om_disable_all_campaigns":false,"_monsterinsights_skip_tracking":false,"_monsterinsights_sitenote_active":false,"_monsterinsights_sitenote_note":"","_monsterinsights_sitenote_category":0},"yoast_head":"<!-- This site is optimized with the Yoast SEO plugin v20.6 - https:\/\/yoast.com\/wordpress\/plugins\/seo\/ -->\n<title>Pr\u00e9sentation - Aquarelles Chatelain<\/title>\n<meta name=\"description\" content=\"Initi\u00e9 au dessin et \u00e0 la peinture \u00e0 l\u2019huile en 1965 \u00e0 l\u2019\u00e9cole Corbon dans le XVe de Paris, je me passionne tr\u00e8s t\u00f4t pour l\u2019aquarelle.\" \/>\n<meta name=\"robots\" content=\"index, follow, max-snippet:-1, max-image-preview:large, max-video-preview:-1\" \/>\n<link rel=\"canonical\" href=\"https:\/\/aquarelleschatelain.fr\/index.php\/presentation-aquarelles-chatelain\/\" \/>\n<meta property=\"og:locale\" content=\"fr_FR\" \/>\n<meta property=\"og:type\" content=\"article\" \/>\n<meta property=\"og:title\" content=\"Pr\u00e9sentation - Aquarelles Chatelain\" \/>\n<meta property=\"og:description\" content=\"Initi\u00e9 au dessin et \u00e0 la peinture \u00e0 l\u2019huile en 1965 \u00e0 l\u2019\u00e9cole Corbon dans le XVe de Paris, je me passionne tr\u00e8s t\u00f4t pour l\u2019aquarelle.\" \/>\n<meta property=\"og:url\" content=\"https:\/\/aquarelleschatelain.fr\/index.php\/presentation-aquarelles-chatelain\/\" \/>\n<meta property=\"og:site_name\" content=\"Aquarelles Chatelain\" \/>\n<meta property=\"article:modified_time\" content=\"2022-05-14T09:52:00+00:00\" \/>\n<meta property=\"og:image\" content=\"http:\/\/aquarelleschatelain.fr\/wp-content\/uploads\/2022\/04\/1649350763279-1-768x1365.jpg\" \/>\n<meta name=\"twitter:card\" content=\"summary_large_image\" \/>\n<meta name=\"twitter:label1\" content=\"Dur\u00e9e de lecture estim\u00e9e\" \/>\n\t<meta name=\"twitter:data1\" content=\"2 minutes\" \/>\n<script type=\"application\/ld+json\" class=\"yoast-schema-graph\">{\"@context\":\"https:\/\/schema.org\",\"@graph\":[{\"@type\":\"WebPage\",\"@id\":\"https:\/\/aquarelleschatelain.fr\/index.php\/presentation-aquarelles-chatelain\/\",\"url\":\"https:\/\/aquarelleschatelain.fr\/index.php\/presentation-aquarelles-chatelain\/\",\"name\":\"Pr\u00e9sentation - Aquarelles Chatelain\",\"isPartOf\":{\"@id\":\"https:\/\/aquarelleschatelain.fr\/#website\"},\"datePublished\":\"2022-04-18T08:31:05+00:00\",\"dateModified\":\"2022-05-14T09:52:00+00:00\",\"description\":\"Initi\u00e9 au dessin et \u00e0 la peinture \u00e0 l\u2019huile en 1965 \u00e0 l\u2019\u00e9cole Corbon dans le XVe de Paris, je me passionne tr\u00e8s t\u00f4t pour l\u2019aquarelle.\",\"breadcrumb\":{\"@id\":\"https:\/\/aquarelleschatelain.fr\/index.php\/presentation-aquarelles-chatelain\/#breadcrumb\"},\"inLanguage\":\"fr-FR\",\"potentialAction\":[{\"@type\":\"ReadAction\",\"target\":[\"https:\/\/aquarelleschatelain.fr\/index.php\/presentation-aquarelles-chatelain\/\"]}]},{\"@type\":\"BreadcrumbList\",\"@id\":\"https:\/\/aquarelleschatelain.fr\/index.php\/presentation-aquarelles-chatelain\/#breadcrumb\",\"itemListElement\":[{\"@type\":\"ListItem\",\"position\":1,\"name\":\"Accueil\",\"item\":\"https:\/\/aquarelleschatelain.fr\/\"},{\"@type\":\"ListItem\",\"position\":2,\"name\":\"Pr\u00e9sentation\"}]},{\"@type\":\"WebSite\",\"@id\":\"https:\/\/aquarelleschatelain.fr\/#website\",\"url\":\"https:\/\/aquarelleschatelain.fr\/\",\"name\":\"Aquarelles Chatelain\",\"description\":\"Aquarelles Dominique Chatelain\",\"publisher\":{\"@id\":\"https:\/\/aquarelleschatelain.fr\/#organization\"},\"potentialAction\":[{\"@type\":\"SearchAction\",\"target\":{\"@type\":\"EntryPoint\",\"urlTemplate\":\"https:\/\/aquarelleschatelain.fr\/?s={search_term_string}\"},\"query-input\":\"required name=search_term_string\"}],\"inLanguage\":\"fr-FR\"},{\"@type\":\"Organization\",\"@id\":\"https:\/\/aquarelleschatelain.fr\/#organization\",\"name\":\"Aquarelleschatelain\",\"url\":\"https:\/\/aquarelleschatelain.fr\/\",\"logo\":{\"@type\":\"ImageObject\",\"inLanguage\":\"fr-FR\",\"@id\":\"https:\/\/aquarelleschatelain.fr\/#\/schema\/logo\/image\/\",\"url\":\"https:\/\/aquarelleschatelain.fr\/wp-content\/uploads\/2022\/04\/cropped-logo-site-2.png\",\"contentUrl\":\"https:\/\/aquarelleschatelain.fr\/wp-content\/uploads\/2022\/04\/cropped-logo-site-2.png\",\"width\":103,\"height\":86,\"caption\":\"Aquarelleschatelain\"},\"image\":{\"@id\":\"https:\/\/aquarelleschatelain.fr\/#\/schema\/logo\/image\/\"}}]}<\/script>\n<!-- \/ Yoast SEO plugin. -->","yoast_head_json":{"title":"Pr\u00e9sentation - Aquarelles Chatelain","description":"Initi\u00e9 au dessin et \u00e0 la peinture \u00e0 l\u2019huile en 1965 \u00e0 l\u2019\u00e9cole Corbon dans le XVe de Paris, je me passionne tr\u00e8s t\u00f4t pour l\u2019aquarelle.","robots":{"index":"index","follow":"follow","max-snippet":"max-snippet:-1","max-image-preview":"max-image-preview:large","max-video-preview":"max-video-preview:-1"},"canonical":"https:\/\/aquarelleschatelain.fr\/index.php\/presentation-aquarelles-chatelain\/","og_locale":"fr_FR","og_type":"article","og_title":"Pr\u00e9sentation - Aquarelles Chatelain","og_description":"Initi\u00e9 au dessin et \u00e0 la peinture \u00e0 l\u2019huile en 1965 \u00e0 l\u2019\u00e9cole Corbon dans le XVe de Paris, je me passionne tr\u00e8s t\u00f4t pour l\u2019aquarelle.","og_url":"https:\/\/aquarelleschatelain.fr\/index.php\/presentation-aquarelles-chatelain\/","og_site_name":"Aquarelles Chatelain","article_modified_time":"2022-05-14T09:52:00+00:00","og_image":[{"url":"http:\/\/aquarelleschatelain.fr\/wp-content\/uploads\/2022\/04\/1649350763279-1-768x1365.jpg"}],"twitter_card":"summary_large_image","twitter_misc":{"Dur\u00e9e de lecture estim\u00e9e":"2 minutes"},"schema":{"@context":"https:\/\/schema.org","@graph":[{"@type":"WebPage","@id":"https:\/\/aquarelleschatelain.fr\/index.php\/presentation-aquarelles-chatelain\/","url":"https:\/\/aquarelleschatelain.fr\/index.php\/presentation-aquarelles-chatelain\/","name":"Pr\u00e9sentation - Aquarelles Chatelain","isPartOf":{"@id":"https:\/\/aquarelleschatelain.fr\/#website"},"datePublished":"2022-04-18T08:31:05+00:00","dateModified":"2022-05-14T09:52:00+00:00","description":"Initi\u00e9 au dessin et \u00e0 la peinture \u00e0 l\u2019huile en 1965 \u00e0 l\u2019\u00e9cole Corbon dans le XVe de Paris, je me passionne tr\u00e8s t\u00f4t pour l\u2019aquarelle.","breadcrumb":{"@id":"https:\/\/aquarelleschatelain.fr\/index.php\/presentation-aquarelles-chatelain\/#breadcrumb"},"inLanguage":"fr-FR","potentialAction":[{"@type":"ReadAction","target":["https:\/\/aquarelleschatelain.fr\/index.php\/presentation-aquarelles-chatelain\/"]}]},{"@type":"BreadcrumbList","@id":"https:\/\/aquarelleschatelain.fr\/index.php\/presentation-aquarelles-chatelain\/#breadcrumb","itemListElement":[{"@type":"ListItem","position":1,"name":"Accueil","item":"https:\/\/aquarelleschatelain.fr\/"},{"@type":"ListItem","position":2,"name":"Pr\u00e9sentation"}]},{"@type":"WebSite","@id":"https:\/\/aquarelleschatelain.fr\/#website","url":"https:\/\/aquarelleschatelain.fr\/","name":"Aquarelles Chatelain","description":"Aquarelles Dominique Chatelain","publisher":{"@id":"https:\/\/aquarelleschatelain.fr\/#organization"},"potentialAction":[{"@type":"SearchAction","target":{"@type":"EntryPoint","urlTemplate":"https:\/\/aquarelleschatelain.fr\/?s={search_term_string}"},"query-input":"required name=search_term_string"}],"inLanguage":"fr-FR"},{"@type":"Organization","@id":"https:\/\/aquarelleschatelain.fr\/#organization","name":"Aquarelleschatelain","url":"https:\/\/aquarelleschatelain.fr\/","logo":{"@type":"ImageObject","inLanguage":"fr-FR","@id":"https:\/\/aquarelleschatelain.fr\/#\/schema\/logo\/image\/","url":"https:\/\/aquarelleschatelain.fr\/wp-content\/uploads\/2022\/04\/cropped-logo-site-2.png","contentUrl":"https:\/\/aquarelleschatelain.fr\/wp-content\/uploads\/2022\/04\/cropped-logo-site-2.png","width":103,"height":86,"caption":"Aquarelleschatelain"},"image":{"@id":"https:\/\/aquarelleschatelain.fr\/#\/schema\/logo\/image\/"}}]}},"_links":{"self":[{"href":"https:\/\/aquarelleschatelain.fr\/index.php\/wp-json\/wp\/v2\/pages\/55"}],"collection":[{"href":"https:\/\/aquarelleschatelain.fr\/index.php\/wp-json\/wp\/v2\/pages"}],"about":[{"href":"https:\/\/aquarelleschatelain.fr\/index.php\/wp-json\/wp\/v2\/types\/page"}],"author":[{"embeddable":true,"href":"https:\/\/aquarelleschatelain.fr\/index.php\/wp-json\/wp\/v2\/users\/1"}],"replies":[{"embeddable":true,"href":"https:\/\/aquarelleschatelain.fr\/index.php\/wp-json\/wp\/v2\/comments?post=55"}],"version-history":[{"count":55,"href":"https:\/\/aquarelleschatelain.fr\/index.php\/wp-json\/wp\/v2\/pages\/55\/revisions"}],"predecessor-version":[{"id":1102,"href":"https:\/\/aquarelleschatelain.fr\/index.php\/wp-json\/wp\/v2\/pages\/55\/revisions\/1102"}],"wp:attachment":[{"href":"https:\/\/aquarelleschatelain.fr\/index.php\/wp-json\/wp\/v2\/media?parent=55"}],"curies":[{"name":"wp","href":"https:\/\/api.w.org\/{rel}","templated":true}]}}