{"id":3,"date":"2022-04-14T08:46:30","date_gmt":"2022-04-14T06:46:30","guid":{"rendered":"http:\/\/aquarelleschatelain.fr\/?page_id=3"},"modified":"2022-11-08T19:36:10","modified_gmt":"2022-11-08T18:36:10","slug":"politique-de-confidentialite","status":"publish","type":"page","link":"https:\/\/aquarelleschatelain.fr\/index.php\/politique-de-confidentialite\/","title":{"rendered":"Politique de confidentialit\u00e9 &#038; mentions l\u00e9gales"},"content":{"rendered":"\t\t<div data-elementor-type=\"wp-page\" data-elementor-id=\"3\" class=\"elementor elementor-3\">\n\t\t\t\t\t\t<section class=\"elementor-section elementor-top-section elementor-element elementor-element-5852936a elementor-section-boxed elementor-section-height-default elementor-section-height-default\" data-id=\"5852936a\" data-element_type=\"section\">\n\t\t\t\t\t\t<div class=\"elementor-container elementor-column-gap-default\">\n\t\t\t\t\t<div class=\"elementor-column elementor-col-100 elementor-top-column elementor-element elementor-element-78575828\" data-id=\"78575828\" data-element_type=\"column\">\n\t\t\t<div class=\"elementor-widget-wrap elementor-element-populated\">\n\t\t\t\t\t\t<div class=\"elementor-element elementor-element-5eed9899 elementor-widget elementor-widget-text-editor\" data-id=\"5eed9899\" data-element_type=\"widget\" data-widget_type=\"text-editor.default\">\n\t\t\t\t<div class=\"elementor-widget-container\">\n\t\t\t<style>\/*! elementor - v3.21.0 - 26-05-2024 *\/\n.elementor-widget-text-editor.elementor-drop-cap-view-stacked .elementor-drop-cap{background-color:#69727d;color:#fff}.elementor-widget-text-editor.elementor-drop-cap-view-framed .elementor-drop-cap{color:#69727d;border:3px solid;background-color:transparent}.elementor-widget-text-editor:not(.elementor-drop-cap-view-default) .elementor-drop-cap{margin-top:8px}.elementor-widget-text-editor:not(.elementor-drop-cap-view-default) .elementor-drop-cap-letter{width:1em;height:1em}.elementor-widget-text-editor .elementor-drop-cap{float:left;text-align:center;line-height:1;font-size:50px}.elementor-widget-text-editor .elementor-drop-cap-letter{display:inline-block}<\/style>\t\t\t\t<p><!-- wp:heading --><\/p>\n<h2>Qui sommes-nous\u00a0?<\/h2>\n<p><!-- \/wp:heading --><\/p>\n<p><!-- wp:paragraph --><\/p>\n<p>L\u2019adresse de notre site est\u00a0: <a href=\"http:\/\/aquarelleschatelain.fr.\">http:\/\/aquarelleschatelain.fr.<\/a><\/p>\n<p><!-- \/wp:paragraph --><\/p>\n<p><!-- wp:heading --><\/p>\n<h2>Commentaires<\/h2>\n<p><!-- \/wp:heading --><\/p>\n<p><!-- wp:paragraph --><\/p>\n<p>Quand vous laissez un commentaire sur notre site, les donn\u00e9es inscrites dans le formulaire de commentaire, ainsi que votre adresse IP et l\u2019agent utilisateur de votre navigateur sont collect\u00e9s pour nous aider \u00e0 la d\u00e9tection des commentaires ind\u00e9sirables.<\/p>\n<p><!-- \/wp:paragraph --><\/p>\n<p><!-- wp:paragraph --><\/p>\n<p>Une cha\u00eene anonymis\u00e9e cr\u00e9\u00e9e \u00e0 partir de votre adresse e-mail (\u00e9galement appel\u00e9e hash) peut \u00eatre envoy\u00e9e au service Gravatar pour v\u00e9rifier si vous utilisez ce dernier. Les clauses de confidentialit\u00e9 du service Gravatar sont disponibles ici\u00a0: <a href=\"https:\/\/automattic.com\/privacy\/\">https:\/\/automattic.com\/privacy\/<\/a>. Apr\u00e8s validation de votre commentaire, votre photo de profil sera visible publiquement \u00e0 cot\u00e9 de votre commentaire.<\/p>\n<p><!-- \/wp:paragraph --><\/p>\n<p><!-- wp:heading --><\/p>\n<h2>M\u00e9dias<\/h2>\n<p><!-- \/wp:heading --><\/p>\n<p><!-- wp:paragraph --><\/p>\n<p>Si vous t\u00e9l\u00e9versez des images sur le site, nous vous conseillons d\u2019\u00e9viter de t\u00e9l\u00e9verser des images contenant des donn\u00e9es EXIF de coordonn\u00e9es GPS. Les personnes visitant votre site peuvent t\u00e9l\u00e9charger et extraire des donn\u00e9es de localisation depuis ces images.<\/p>\n<h2>Formulaire de contact<\/h2>\n<p>Le formulaire de contact utilis\u00e9 sur Aquarelleschatelain.fr est propos\u00e9 par WP Forms, nous recueillons un nom et une adresse mail \u00e0 l&rsquo;occasion de la soumission du formulaire. Ces donn\u00e9es sont conserv\u00e9es durant 12 mois et ne sont pas utilis\u00e9es \u00e0 des fins commerciales.<\/p>\n<p><!-- \/wp:paragraph --><\/p>\n<p><!-- wp:heading --><\/p>\n<h2>Cookies<\/h2>\n<p><!-- \/wp:heading --><\/p>\n<p><!-- wp:paragraph --><\/p>\n<p>Si vous d\u00e9posez un commentaire sur notre site, il vous sera propos\u00e9 d\u2019enregistrer votre nom, adresse e-mail et site dans des cookies. C\u2019est uniquement pour votre confort afin de ne pas avoir \u00e0 saisir ces informations si vous d\u00e9posez un autre commentaire plus tard. Ces cookies expirent au bout d\u2019un an.<\/p>\n<p><!-- \/wp:paragraph --><\/p>\n<p><!-- wp:paragraph --><\/p>\n<p>Si vous vous rendez sur la page de connexion, un cookie temporaire sera cr\u00e9\u00e9 afin de d\u00e9terminer si votre navigateur accepte les cookies. Il ne contient pas de donn\u00e9es personnelles et sera supprim\u00e9 automatiquement \u00e0 la fermeture de votre navigateur.<\/p>\n<p><!-- \/wp:paragraph --><\/p>\n<p><!-- wp:paragraph --><\/p>\n<p>Lorsque vous vous connecterez, nous mettrons en place un certain nombre de cookies pour enregistrer vos informations de connexion et vos pr\u00e9f\u00e9rences d\u2019\u00e9cran. La dur\u00e9e de vie d\u2019un cookie de connexion est de deux jours, celle d\u2019un cookie d\u2019option d\u2019\u00e9cran est d\u2019un an. Si vous cochez \u00ab\u00a0Se souvenir de moi\u00a0\u00bb, votre cookie de connexion sera conserv\u00e9 pendant deux semaines. Si vous vous d\u00e9connectez de votre compte, le cookie de connexion sera effac\u00e9.<\/p>\n<p><!-- \/wp:paragraph --><\/p>\n<p><!-- wp:paragraph --><\/p>\n<p>En modifiant ou en publiant une publication, un cookie suppl\u00e9mentaire sera enregistr\u00e9 dans votre navigateur. Ce cookie ne comprend aucune donn\u00e9e personnelle. Il indique simplement l\u2019ID de la publication que vous venez de modifier. Il expire au bout d\u2019un jour.<\/p>\n<h2>Statistique et mesure d&rsquo;audience<\/h2>\n<div>Google Analytics et son extension WordPress Monsterinsights sont des outils de mesure d\u2019audience et de statistiques utilis\u00e9s pour mesurer les informations relatives \u00e0 la navigation des visiteurs sur <a href=\"http:\/\/aquarelleschatelain.fr\" target=\"_blank\" rel=\"noopener\" data-saferedirecturl=\"https:\/\/www.google.com\/url?q=http:\/\/aquarelleschatelain.fr&amp;source=gmail&amp;ust=1651678017514000&amp;usg=AOvVaw2vTACH9cYyiM0spKIc-3LG\">aquarelleschatelain.fr<\/a><\/div>\n<p>Google Analytics sert \u00e0 analyser l\u2019audience et le comportement des usagers. Pour ce faire, il utilise un cookie dans le but de collecter les donn\u00e9es de comportement des visiteurs suivantes : heure de visite, pages visit\u00e9es, temps pass\u00e9 sur le site, provenance depuis Internet, fr\u00e9quence de visite sur le site (nouveau visiteur ou visiteur ayant d\u00e9j\u00e0 surf\u00e9 sur le site) ainsi que leur provenance g\u00e9ographique.<\/p>\n<p>Sont \u00e9galement collect\u00e9es les donn\u00e9es suivantes concernant le terminal ayant servi \u00e0 la navigation sur le site : la langue, le type (PC, portable, tablette, t\u00e9l\u00e9phone mobile) et la marque du terminal, le type et la version de syst\u00e8me d\u2019exploitation du terminal, le type et la version du navigateur Internet. Ces donn\u00e9es sont anonymis\u00e9es et <a href=\"https:\/\/aquarelleschatelain.fr\">https:\/\/aquarelleschatelain.fr<\/a> ne fait pas de ciblage individuel \u00e0 des fins marketing.<\/p>\n<p><!-- \/wp:paragraph --><\/p>\n<p><!-- wp:heading --><\/p>\n<h2>Contenu embarqu\u00e9 depuis d\u2019autres sites<\/h2>\n<p><!-- \/wp:heading --><\/p>\n<p><!-- wp:paragraph --><\/p>\n<p><a href=\"https:\/\/aquarelleschatelain.fr\/\" target=\"_blank\" rel=\"noreferrer noopener\">aquarelleschatelain.fr<\/a> \u00a0utilise Akismet, le logiciel de filtrage anti-spam de la soci\u00e9t\u00e9 Automattic.\u00a0 Les renseignements sont collect\u00e9s pour les finalit\u00e9s suivantes : vous donner des informations sur les articles, les nouvelles et les activit\u00e9s hors ligne concernant les auteurs et le site <a href=\"https:\/\/aquarelleschatelain.fr\/\" target=\"_blank\" rel=\"noreferrer noopener\">https:\/\/aquarelleschatelain.fr\/<\/a>peuvent inclure des contenus int\u00e9gr\u00e9s (par exemple des vid\u00e9os, images, articles\u2026).<\/p>\n<p>Le contenu int\u00e9gr\u00e9 depuis d\u2019autres sites se comporte de la m\u00eame mani\u00e8re que si le visiteur se rendait sur cet autre site.<\/p>\n<p><!-- \/wp:paragraph --><\/p>\n<p><!-- wp:paragraph --><\/p>\n<p>Ces sites web pourraient collecter des donn\u00e9es sur vous, utiliser des cookies, embarquer des outils de suivis tiers, suivre vos interactions avec ces contenus embarqu\u00e9s si vous disposez d\u2019un compte connect\u00e9 sur leur site web.<\/p>\n<p><!-- \/wp:paragraph --><\/p>\n<p><!-- wp:heading --><\/p>\n<h2>Dur\u00e9es de stockage de vos donn\u00e9es<\/h2>\n<p><!-- \/wp:heading --><\/p>\n<p><!-- wp:paragraph --><\/p>\n<p>Si vous laissez un commentaire, le commentaire et ses m\u00e9tadonn\u00e9es sont conserv\u00e9s ind\u00e9finiment. Cela permet de reconna\u00eetre et approuver automatiquement les commentaires suivants au lieu de les laisser dans la file de mod\u00e9ration.<\/p>\n<p><!-- \/wp:paragraph --><\/p>\n<p><!-- wp:heading --><\/p>\n<h2>Les droits que vous avez sur vos donn\u00e9es<\/h2>\n<p><!-- \/wp:heading --><\/p>\n<p><!-- wp:paragraph --><\/p>\n<p>Si vous avez laiss\u00e9 des commentaires sur le site, vous pouvez demander \u00e0 recevoir un fichier contenant toutes les donn\u00e9es personnelles que nous poss\u00e9dons \u00e0 votre sujet, incluant celles que vous nous avez fournies. Vous pouvez \u00e9galement demander la suppression des donn\u00e9es personnelles vous concernant. Cela ne prend pas en compte les donn\u00e9es stock\u00e9es \u00e0 des fins administratives, l\u00e9gales ou pour des raisons de s\u00e9curit\u00e9.<\/p>\n<p><!-- \/wp:paragraph --><\/p>\n<p><!-- wp:heading --><\/p>\n<h2>Transmission de vos donn\u00e9es personnelles<\/h2>\n<p><!-- \/wp:heading --><\/p>\n<p><!-- wp:paragraph --><\/p>\n<p>Les renseignements personnels collect\u00e9s par <a href=\"https:\/\/aquarelleschatelain.fr\/\">https:\/\/aquarelleschatelain.fr\/<\/a> sont recueillis au travers de formulaires et gr\u00e2ce \u00e0 l\u2019interactivit\u00e9 \u00e9tablie entre vous et le site. <a href=\"https:\/\/aquarelleschatelain.fr\/\">https:\/\/aquarelleschatelain.fr\/<\/a>utilise \u00e9galement, comme indiqu\u00e9 dans le paragraphe pr\u00e9c\u00e9dent, des fichiers t\u00e9moins pour r\u00e9unir des informations vous concernant (cookies). En utilisant les diff\u00e9rents formulaires (commentaire et contact) de <a href=\"https:\/\/aquarelleschatelain.fr\">https:\/\/aquarelleschatelain.fr<\/a>\/ les renseignements suivants peuvent \u00eatre collect\u00e9s :<\/p>\n<p>Nom, pr\u00e9nom, adresse \u00e9lectronique, Site Internet et adresse IP.\u00a0<\/p>\n<p>Si vous demandez une r\u00e9initialisation de votre mot de passe, votre adresse IP sera inclue dans l&rsquo;e-mail de r\u00e9initialisation.<\/p>\n<p><span style=\"font-family: 'Inter var', -apple-system, BlinkMacSystemFont, 'Helvetica Neue', Helvetica, sans-serif; font-size: 4.8rem; font-weight: bold; letter-spacing: -0.0415625em; text-align: inherit; color: var( --e-global-color-text );\">Liens Hypertextes<\/span><\/p>\n<p>Le site <a href=\"https:\/\/aquarelleschatelain.fr\/\">https:\/\/aquarelleschatelain.fr\/<\/a> contient un certain nombre de liens hypertextes vers d\u2019autres sites, mis en place avec l\u2019autorisation d&rsquo;Aquarelles Chatelain. Cependant, Aquarelles Chatelain n\u2019a pas la possibilit\u00e9 de v\u00e9rifier le contenu des sites ainsi visit\u00e9s, et n\u2019assumera en cons\u00e9quence aucune responsabilit\u00e9 de ce fait.<\/p>\n<h2>Droit d\u2019acc\u00e8s, d\u2019opposition et de retrait<\/h2>\n<p>Aquarelles Chatelain s\u2019engage \u00e0 vous offrir un droit d\u2019opposition et de retrait quant \u00e0 vos renseignements personnels. Le droit d\u2019opposition s\u2019entend comme \u00e9tant la possibilit\u00e9 offerte aux internautes de refuser que leurs renseignements personnels soient utilis\u00e9s \u00e0 certaines fins mentionn\u00e9es lors de la collecte. Le droit de retrait s\u2019entend comme \u00e9tant la possibilit\u00e9 offerte aux internautes de demander \u00e0 ce que leurs renseignements personnels ne figurent plus, par exemple, dans une liste de diffusion.<\/p>\n<p>https:\/\/aquarelleschatelain.fr\/\u00a0s\u2019engage \u00e0 reconna\u00eetre un droit d\u2019acc\u00e8s et de rectification aux personnes concern\u00e9es d\u00e9sireuses de consulter, modifier, voire radier les informations les concernant.<\/p>\n<p>Pour pouvoir exercer ces droits, vous pouvez nous contacter sur <a href=\"https:\/\/aquarelleschatelain.fr\/index.php\/contact\/\">cette page de contact<\/a>.<\/p>\n<h2>Mentions l\u00e9gales<\/h2>\n<p>Le site \u00e9dit\u00e9 et administr\u00e9 par Arnaud Chatelain.<\/p>\n<p><a href=\"https:\/\/aquarelleschatelain.fr\/\">Aquarelleschatelain.fr<\/a> est h\u00e9berg\u00e9 par Hostinger UK Limited, registered address Nwms Center, 31 Southampton Row, Office 3.11, 3rd Floor, London, England, WC1B 5HJ.\u00a0<\/p>\n<p>\u00a0<\/p>\n<p><!-- \/wp:paragraph --><\/p>\t\t\t\t\t\t<\/div>\n\t\t\t\t<\/div>\n\t\t\t\t\t<\/div>\n\t\t<\/div>\n\t\t\t\t\t<\/div>\n\t\t<\/section>\n\t\t\t\t<section class=\"elementor-section elementor-top-section elementor-element elementor-element-26e2fd3 elementor-section-boxed elementor-section-height-default elementor-section-height-default\" data-id=\"26e2fd3\" data-element_type=\"section\">\n\t\t\t\t\t\t<div class=\"elementor-container elementor-column-gap-default\">\n\t\t\t\t\t<div class=\"elementor-column elementor-col-100 elementor-top-column elementor-element elementor-element-5ba8129\" data-id=\"5ba8129\" data-element_type=\"column\">\n\t\t\t<div class=\"elementor-widget-wrap elementor-element-populated\">\n\t\t\t\t\t\t<div class=\"elementor-element elementor-element-eed6173 elementor-widget elementor-widget-html\" data-id=\"eed6173\" data-element_type=\"widget\" data-widget_type=\"html.default\">\n\t\t\t\t<div class=\"elementor-widget-container\">\n\t\t\t<a href=\"https:\/\/www.iubenda.com\/privacy-policy\/78068608\" class=\"iubenda-white iubenda-noiframe iubenda-embed iubenda-noiframe \" title=\"Privacy Policy \">Privacy Policy<\/a><script type=\"text\/javascript\">(function (w,d) {var loader = function () {var s = d.createElement(\"script\"), tag = d.getElementsByTagName(\"script\")[0]; s.src=\"https:\/\/cdn.iubenda.com\/iubenda.js\"; tag.parentNode.insertBefore(s,tag);}; if(w.addEventListener){w.addEventListener(\"load\", loader, false);}else if(w.attachEvent){w.attachEvent(\"onload\", loader);}else{w.onload = loader;}})(window, document);<\/script>\t\t<\/div>\n\t\t\t\t<\/div>\n\t\t\t\t\t<\/div>\n\t\t<\/div>\n\t\t\t\t\t<\/div>\n\t\t<\/section>\n\t\t\t\t<\/div>\n\t\t","protected":false},"excerpt":{"rendered":"<p>Qui sommes-nous\u00a0? L\u2019adresse de notre site est\u00a0: http:\/\/aquarelleschatelain.fr. Commentaires Quand vous laissez un commentaire sur notre site, les donn\u00e9es inscrites dans le formulaire de commentaire, ainsi que votre adresse IP et l\u2019agent utilisateur de votre navigateur sont collect\u00e9s pour nous aider \u00e0 la d\u00e9tection des commentaires ind\u00e9sirables. Une cha\u00eene anonymis\u00e9e cr\u00e9\u00e9e \u00e0 partir de votre [&hellip;]<\/p>\n","protected":false},"author":1,"featured_media":0,"parent":0,"menu_order":0,"comment_status":"closed","ping_status":"open","template":"","meta":{"om_disable_all_campaigns":false,"_monsterinsights_skip_tracking":false,"_monsterinsights_sitenote_active":false,"_monsterinsights_sitenote_note":"","_monsterinsights_sitenote_category":0},"yoast_head":"<!-- This site is optimized with the Yoast SEO plugin v20.6 - https:\/\/yoast.com\/wordpress\/plugins\/seo\/ -->\n<title>Politique de confidentialit\u00e9 &amp; mentions l\u00e9gales - Aquarelles Chatelain<\/title>\n<meta name=\"robots\" content=\"noindex, nofollow\" \/>\n<meta property=\"og:locale\" content=\"fr_FR\" \/>\n<meta property=\"og:type\" content=\"article\" \/>\n<meta property=\"og:title\" content=\"Politique de confidentialit\u00e9 &amp; mentions l\u00e9gales - Aquarelles Chatelain\" \/>\n<meta property=\"og:description\" content=\"Qui sommes-nous\u00a0? L\u2019adresse de notre site est\u00a0: http:\/\/aquarelleschatelain.fr. Commentaires Quand vous laissez un commentaire sur notre site, les donn\u00e9es inscrites dans le formulaire de commentaire, ainsi que votre adresse IP et l\u2019agent utilisateur de votre navigateur sont collect\u00e9s pour nous aider \u00e0 la d\u00e9tection des commentaires ind\u00e9sirables. Une cha\u00eene anonymis\u00e9e cr\u00e9\u00e9e \u00e0 partir de votre [&hellip;]\" \/>\n<meta property=\"og:url\" content=\"https:\/\/aquarelleschatelain.fr\/index.php\/politique-de-confidentialite\/\" \/>\n<meta property=\"og:site_name\" content=\"Aquarelles Chatelain\" \/>\n<meta property=\"article:modified_time\" content=\"2022-11-08T18:36:10+00:00\" \/>\n<meta name=\"twitter:card\" content=\"summary_large_image\" \/>\n<meta name=\"twitter:label1\" content=\"Dur\u00e9e de lecture estim\u00e9e\" \/>\n\t<meta name=\"twitter:data1\" content=\"6 minutes\" \/>\n<script type=\"application\/ld+json\" class=\"yoast-schema-graph\">{\"@context\":\"https:\/\/schema.org\",\"@graph\":[{\"@type\":\"WebPage\",\"@id\":\"https:\/\/aquarelleschatelain.fr\/index.php\/politique-de-confidentialite\/\",\"url\":\"https:\/\/aquarelleschatelain.fr\/index.php\/politique-de-confidentialite\/\",\"name\":\"Politique de confidentialit\u00e9 & mentions l\u00e9gales - Aquarelles Chatelain\",\"isPartOf\":{\"@id\":\"https:\/\/aquarelleschatelain.fr\/#website\"},\"datePublished\":\"2022-04-14T06:46:30+00:00\",\"dateModified\":\"2022-11-08T18:36:10+00:00\",\"breadcrumb\":{\"@id\":\"https:\/\/aquarelleschatelain.fr\/index.php\/politique-de-confidentialite\/#breadcrumb\"},\"inLanguage\":\"fr-FR\",\"potentialAction\":[{\"@type\":\"ReadAction\",\"target\":[\"https:\/\/aquarelleschatelain.fr\/index.php\/politique-de-confidentialite\/\"]}]},{\"@type\":\"BreadcrumbList\",\"@id\":\"https:\/\/aquarelleschatelain.fr\/index.php\/politique-de-confidentialite\/#breadcrumb\",\"itemListElement\":[{\"@type\":\"ListItem\",\"position\":1,\"name\":\"Accueil\",\"item\":\"https:\/\/aquarelleschatelain.fr\/\"},{\"@type\":\"ListItem\",\"position\":2,\"name\":\"Politique de confidentialit\u00e9 &#038; mentions l\u00e9gales\"}]},{\"@type\":\"WebSite\",\"@id\":\"https:\/\/aquarelleschatelain.fr\/#website\",\"url\":\"https:\/\/aquarelleschatelain.fr\/\",\"name\":\"Aquarelles Chatelain\",\"description\":\"Aquarelles Dominique Chatelain\",\"publisher\":{\"@id\":\"https:\/\/aquarelleschatelain.fr\/#organization\"},\"potentialAction\":[{\"@type\":\"SearchAction\",\"target\":{\"@type\":\"EntryPoint\",\"urlTemplate\":\"https:\/\/aquarelleschatelain.fr\/?s={search_term_string}\"},\"query-input\":\"required name=search_term_string\"}],\"inLanguage\":\"fr-FR\"},{\"@type\":\"Organization\",\"@id\":\"https:\/\/aquarelleschatelain.fr\/#organization\",\"name\":\"Aquarelleschatelain\",\"url\":\"https:\/\/aquarelleschatelain.fr\/\",\"logo\":{\"@type\":\"ImageObject\",\"inLanguage\":\"fr-FR\",\"@id\":\"https:\/\/aquarelleschatelain.fr\/#\/schema\/logo\/image\/\",\"url\":\"https:\/\/aquarelleschatelain.fr\/wp-content\/uploads\/2022\/04\/cropped-logo-site-2.png\",\"contentUrl\":\"https:\/\/aquarelleschatelain.fr\/wp-content\/uploads\/2022\/04\/cropped-logo-site-2.png\",\"width\":103,\"height\":86,\"caption\":\"Aquarelleschatelain\"},\"image\":{\"@id\":\"https:\/\/aquarelleschatelain.fr\/#\/schema\/logo\/image\/\"}}]}<\/script>\n<!-- \/ Yoast SEO plugin. -->","yoast_head_json":{"title":"Politique de confidentialit\u00e9 & mentions l\u00e9gales - Aquarelles Chatelain","robots":{"index":"noindex","follow":"nofollow"},"og_locale":"fr_FR","og_type":"article","og_title":"Politique de confidentialit\u00e9 & mentions l\u00e9gales - Aquarelles Chatelain","og_description":"Qui sommes-nous\u00a0? L\u2019adresse de notre site est\u00a0: http:\/\/aquarelleschatelain.fr. Commentaires Quand vous laissez un commentaire sur notre site, les donn\u00e9es inscrites dans le formulaire de commentaire, ainsi que votre adresse IP et l\u2019agent utilisateur de votre navigateur sont collect\u00e9s pour nous aider \u00e0 la d\u00e9tection des commentaires ind\u00e9sirables. Une cha\u00eene anonymis\u00e9e cr\u00e9\u00e9e \u00e0 partir de votre [&hellip;]","og_url":"https:\/\/aquarelleschatelain.fr\/index.php\/politique-de-confidentialite\/","og_site_name":"Aquarelles Chatelain","article_modified_time":"2022-11-08T18:36:10+00:00","twitter_card":"summary_large_image","twitter_misc":{"Dur\u00e9e de lecture estim\u00e9e":"6 minutes"},"schema":{"@context":"https:\/\/schema.org","@graph":[{"@type":"WebPage","@id":"https:\/\/aquarelleschatelain.fr\/index.php\/politique-de-confidentialite\/","url":"https:\/\/aquarelleschatelain.fr\/index.php\/politique-de-confidentialite\/","name":"Politique de confidentialit\u00e9 & mentions l\u00e9gales - Aquarelles Chatelain","isPartOf":{"@id":"https:\/\/aquarelleschatelain.fr\/#website"},"datePublished":"2022-04-14T06:46:30+00:00","dateModified":"2022-11-08T18:36:10+00:00","breadcrumb":{"@id":"https:\/\/aquarelleschatelain.fr\/index.php\/politique-de-confidentialite\/#breadcrumb"},"inLanguage":"fr-FR","potentialAction":[{"@type":"ReadAction","target":["https:\/\/aquarelleschatelain.fr\/index.php\/politique-de-confidentialite\/"]}]},{"@type":"BreadcrumbList","@id":"https:\/\/aquarelleschatelain.fr\/index.php\/politique-de-confidentialite\/#breadcrumb","itemListElement":[{"@type":"ListItem","position":1,"name":"Accueil","item":"https:\/\/aquarelleschatelain.fr\/"},{"@type":"ListItem","position":2,"name":"Politique de confidentialit\u00e9 &#038; mentions l\u00e9gales"}]},{"@type":"WebSite","@id":"https:\/\/aquarelleschatelain.fr\/#website","url":"https:\/\/aquarelleschatelain.fr\/","name":"Aquarelles Chatelain","description":"Aquarelles Dominique Chatelain","publisher":{"@id":"https:\/\/aquarelleschatelain.fr\/#organization"},"potentialAction":[{"@type":"SearchAction","target":{"@type":"EntryPoint","urlTemplate":"https:\/\/aquarelleschatelain.fr\/?s={search_term_string}"},"query-input":"required name=search_term_string"}],"inLanguage":"fr-FR"},{"@type":"Organization","@id":"https:\/\/aquarelleschatelain.fr\/#organization","name":"Aquarelleschatelain","url":"https:\/\/aquarelleschatelain.fr\/","logo":{"@type":"ImageObject","inLanguage":"fr-FR","@id":"https:\/\/aquarelleschatelain.fr\/#\/schema\/logo\/image\/","url":"https:\/\/aquarelleschatelain.fr\/wp-content\/uploads\/2022\/04\/cropped-logo-site-2.png","contentUrl":"https:\/\/aquarelleschatelain.fr\/wp-content\/uploads\/2022\/04\/cropped-logo-site-2.png","width":103,"height":86,"caption":"Aquarelleschatelain"},"image":{"@id":"https:\/\/aquarelleschatelain.fr\/#\/schema\/logo\/image\/"}}]}},"_links":{"self":[{"href":"https:\/\/aquarelleschatelain.fr\/index.php\/wp-json\/wp\/v2\/pages\/3"}],"collection":[{"href":"https:\/\/aquarelleschatelain.fr\/index.php\/wp-json\/wp\/v2\/pages"}],"about":[{"href":"https:\/\/aquarelleschatelain.fr\/index.php\/wp-json\/wp\/v2\/types\/page"}],"author":[{"embeddable":true,"href":"https:\/\/aquarelleschatelain.fr\/index.php\/wp-json\/wp\/v2\/users\/1"}],"replies":[{"embeddable":true,"href":"https:\/\/aquarelleschatelain.fr\/index.php\/wp-json\/wp\/v2\/comments?post=3"}],"version-history":[{"count":18,"href":"https:\/\/aquarelleschatelain.fr\/index.php\/wp-json\/wp\/v2\/pages\/3\/revisions"}],"predecessor-version":[{"id":1097,"href":"https:\/\/aquarelleschatelain.fr\/index.php\/wp-json\/wp\/v2\/pages\/3\/revisions\/1097"}],"wp:attachment":[{"href":"https:\/\/aquarelleschatelain.fr\/index.php\/wp-json\/wp\/v2\/media?parent=3"}],"curies":[{"name":"wp","href":"https:\/\/api.w.org\/{rel}","templated":true}]}}