{"id":172,"date":"2022-04-20T16:41:50","date_gmt":"2022-04-20T14:41:50","guid":{"rendered":"http:\/\/aquarelleschatelain.fr\/?page_id=172"},"modified":"2023-12-03T12:07:45","modified_gmt":"2023-12-03T11:07:45","slug":"evenements-aquarelles-chatelain","status":"publish","type":"page","link":"https:\/\/aquarelleschatelain.fr\/index.php\/evenements-aquarelles-chatelain\/","title":{"rendered":"\u00c9v\u00e9nements"},"content":{"rendered":"\t\t<div data-elementor-type=\"wp-page\" data-elementor-id=\"172\" class=\"elementor elementor-172\">\n\t\t\t\t\t\t<section class=\"elementor-section elementor-top-section elementor-element elementor-element-9518d4b elementor-section-boxed elementor-section-height-default elementor-section-height-default\" data-id=\"9518d4b\" data-element_type=\"section\">\n\t\t\t\t\t\t<div class=\"elementor-container elementor-column-gap-default\">\n\t\t\t\t\t<div class=\"elementor-column elementor-col-100 elementor-top-column elementor-element elementor-element-3f024b2\" data-id=\"3f024b2\" data-element_type=\"column\">\n\t\t\t<div class=\"elementor-widget-wrap elementor-element-populated\">\n\t\t\t\t\t\t<div class=\"elementor-element elementor-element-4a7cc2b elementor-widget elementor-widget-text-editor\" data-id=\"4a7cc2b\" data-element_type=\"widget\" data-widget_type=\"text-editor.default\">\n\t\t\t\t<div class=\"elementor-widget-container\">\n\t\t\t<style>\/*! elementor - v3.21.0 - 26-05-2024 *\/\n.elementor-widget-text-editor.elementor-drop-cap-view-stacked .elementor-drop-cap{background-color:#69727d;color:#fff}.elementor-widget-text-editor.elementor-drop-cap-view-framed .elementor-drop-cap{color:#69727d;border:3px solid;background-color:transparent}.elementor-widget-text-editor:not(.elementor-drop-cap-view-default) .elementor-drop-cap{margin-top:8px}.elementor-widget-text-editor:not(.elementor-drop-cap-view-default) .elementor-drop-cap-letter{width:1em;height:1em}.elementor-widget-text-editor .elementor-drop-cap{float:left;text-align:center;line-height:1;font-size:50px}.elementor-widget-text-editor .elementor-drop-cap-letter{display:inline-block}<\/style>\t\t\t\t<p>Le<a href=\"https:\/\/www.puteaux.fr\/Ma-ville\/Actualites\/Venez-decouvrir-le-Salon-des-Artistes\" target=\"_blank\" rel=\"noopener\">\u00a0Salon des artistes<\/a> de la ville de Puteaux 2023.<\/p>\n<p>Je suis tr\u00e8s heureux de participer \u00e0 la derni\u00e8re \u00e9dition du Salon des artistes de Puteaux. <strong>Du 21 octobre au 5 novembre<\/strong>, vous aurez l&rsquo;occasion d&rsquo;admirer quelqu&rsquo;un de mes tableaux ainsi que de nombreuses \u0153uvres d&rsquo;artistes de la ville.<\/p>\n<p>Des peintres, photographes, sculpteurs et plasticiens se donnent rendez-vous dans les salons d&rsquo;honneur de l&rsquo;H\u00f4tel de Ville pour pr\u00e9senter leurs \u0153uvres. Venez nombreux<\/p>\n<p>\u00a0<\/p>\n<p>\u00a0<\/p>\t\t\t\t\t\t<\/div>\n\t\t\t\t<\/div>\n\t\t\t\t\t<\/div>\n\t\t<\/div>\n\t\t\t\t\t<\/div>\n\t\t<\/section>\n\t\t\t\t<section class=\"elementor-section elementor-top-section elementor-element elementor-element-d64abba elementor-section-boxed elementor-section-height-default elementor-section-height-default\" data-id=\"d64abba\" data-element_type=\"section\">\n\t\t\t\t\t\t<div class=\"elementor-container elementor-column-gap-default\">\n\t\t\t\t\t<div class=\"elementor-column elementor-col-100 elementor-top-column elementor-element elementor-element-3ba71d8\" data-id=\"3ba71d8\" data-element_type=\"column\">\n\t\t\t<div class=\"elementor-widget-wrap elementor-element-populated\">\n\t\t\t\t\t\t<div class=\"elementor-element elementor-element-b5b0c4d elementor-widget elementor-widget-image\" data-id=\"b5b0c4d\" data-element_type=\"widget\" data-widget_type=\"image.default\">\n\t\t\t\t<div class=\"elementor-widget-container\">\n\t\t\t<style>\/*! elementor - v3.21.0 - 26-05-2024 *\/\n.elementor-widget-image{text-align:center}.elementor-widget-image a{display:inline-block}.elementor-widget-image a img[src$=\".svg\"]{width:48px}.elementor-widget-image img{vertical-align:middle;display:inline-block}<\/style>\t\t\t\t\t\t\t\t\t\t<img fetchpriority=\"high\" width=\"260\" height=\"240\" src=\"https:\/\/aquarelleschatelain.fr\/wp-content\/uploads\/2023\/10\/SALON-DES-ARTISTES_VisuWEB260x240px_actualitehome.jpg\" class=\"attachment-large size-large wp-image-1246\" alt=\"\" \/>\t\t\t\t\t\t\t\t\t\t\t\t\t<\/div>\n\t\t\t\t<\/div>\n\t\t\t\t\t<\/div>\n\t\t<\/div>\n\t\t\t\t\t<\/div>\n\t\t<\/section>\n\t\t\t\t<section class=\"elementor-section elementor-top-section elementor-element elementor-element-4796e84 elementor-section-boxed elementor-section-height-default elementor-section-height-default\" data-id=\"4796e84\" data-element_type=\"section\">\n\t\t\t\t\t\t<div class=\"elementor-container elementor-column-gap-default\">\n\t\t\t\t\t<div class=\"elementor-column elementor-col-100 elementor-top-column elementor-element elementor-element-ae5ff38\" data-id=\"ae5ff38\" data-element_type=\"column\">\n\t\t\t<div class=\"elementor-widget-wrap elementor-element-populated\">\n\t\t\t\t\t\t<div class=\"elementor-element elementor-element-a490d4b elementor-widget elementor-widget-image\" data-id=\"a490d4b\" data-element_type=\"widget\" data-widget_type=\"image.default\">\n\t\t\t\t<div class=\"elementor-widget-container\">\n\t\t\t\t\t\t\t\t\t\t<figure class=\"wp-caption\">\n\t\t\t\t\t\t\t\t\t\t<img width=\"580\" height=\"773\" src=\"https:\/\/aquarelleschatelain.fr\/wp-content\/uploads\/2023\/12\/IMG_4409-768x1024.jpg\" class=\"attachment-large size-large wp-image-1261\" alt=\"Joelle Ceccaldi-Raynaud\" srcset=\"https:\/\/aquarelleschatelain.fr\/wp-content\/uploads\/2023\/12\/IMG_4409-768x1024.jpg 768w, https:\/\/aquarelleschatelain.fr\/wp-content\/uploads\/2023\/12\/IMG_4409-225x300.jpg 225w, https:\/\/aquarelleschatelain.fr\/wp-content\/uploads\/2023\/12\/IMG_4409-1152x1536.jpg 1152w, https:\/\/aquarelleschatelain.fr\/wp-content\/uploads\/2023\/12\/IMG_4409-1200x1600.jpg 1200w\" sizes=\"(max-width: 580px) 100vw, 580px\" \/>\t\t\t\t\t\t\t\t\t\t\t<figcaption class=\"widget-image-caption wp-caption-text\">En compagnie du Maire de la ville, Mme Jo\u00eblle Ceccaldi-Raynaud et du premier adjoint Mr Vincent Franchi<\/figcaption>\n\t\t\t\t\t\t\t\t\t\t<\/figure>\n\t\t\t\t\t\t\t<\/div>\n\t\t\t\t<\/div>\n\t\t\t\t\t<\/div>\n\t\t<\/div>\n\t\t\t\t\t<\/div>\n\t\t<\/section>\n\t\t\t\t<section class=\"elementor-section elementor-top-section elementor-element elementor-element-4c18e258 elementor-section-boxed elementor-section-height-default elementor-section-height-default\" data-id=\"4c18e258\" data-element_type=\"section\">\n\t\t\t\t\t\t<div class=\"elementor-container elementor-column-gap-default\">\n\t\t\t\t\t<div class=\"elementor-column elementor-col-100 elementor-top-column elementor-element elementor-element-3e038059\" data-id=\"3e038059\" data-element_type=\"column\">\n\t\t\t<div class=\"elementor-widget-wrap elementor-element-populated\">\n\t\t\t\t\t\t<div class=\"elementor-element elementor-element-75b485f1 elementor-widget elementor-widget-text-editor\" data-id=\"75b485f1\" data-element_type=\"widget\" data-widget_type=\"text-editor.default\">\n\t\t\t\t<div class=\"elementor-widget-container\">\n\t\t\t\t\t\t\t<p><!-- wp:paragraph --><\/p>\n<p><a style=\"font-size: inherit; text-align: inherit;\" href=\"https:\/\/www.ouest-france.fr\/normandie\/trouville-sur-mer-14360\/trouville-l-art-vient-la-maison-de-retraite-6008439\" target=\"_blank\" rel=\"noopener\">D\u00e9monstration en public<\/a><span style=\"font-size: inherit; text-align: inherit; color: var( --e-global-color-text );\">\u00a0les 9 octobre 2021 \u00e0 la Villa M\u00e9dicis de Trouville et le mardi 9 octobre 2018 \u00e0 la maison de retraite de la Touques \u00e0 Saint-Arnoult \u00e0 l&rsquo;occasion de<\/span><a style=\"font-size: inherit; text-align: inherit;\" href=\"https:\/\/semaine-bleue.org\/\" target=\"_blank\" rel=\"noopener\"> la Semaine bleue<\/a><span style=\"font-size: inherit; text-align: inherit; color: var( --e-global-color-text );\">. R\u00e9alisations comment\u00e9es d&rsquo;aquarelles devant les pensionnaires.<\/span><\/p>\n<p><!-- \/wp:paragraph --><!-- wp:image {\"id\":173,\"width\":684,\"height\":688,\"sizeSlug\":\"large\",\"linkDestination\":\"none\"} --><\/p>\n<figure class=\"wp-block-image size-large is-resized\">\n<figcaption><\/figcaption>\n<\/figure>\n<p><!-- \/wp:image --><!-- wp:image {\"id\":174,\"width\":680,\"height\":565,\"sizeSlug\":\"large\",\"linkDestination\":\"none\"} --><\/p>\n<figure class=\"wp-block-image size-large is-resized\"><img class=\"wp-image-174\" src=\"http:\/\/aquarelleschatelain.fr\/wp-content\/uploads\/2022\/04\/1649350671853-1024x852.jpg\" alt=\"\" width=\"680\" height=\"565\" srcset=\"https:\/\/aquarelleschatelain.fr\/wp-content\/uploads\/2022\/04\/1649350671853-1024x852.jpg 1024w, https:\/\/aquarelleschatelain.fr\/wp-content\/uploads\/2022\/04\/1649350671853-300x250.jpg 300w, https:\/\/aquarelleschatelain.fr\/wp-content\/uploads\/2022\/04\/1649350671853-768x639.jpg 768w, https:\/\/aquarelleschatelain.fr\/wp-content\/uploads\/2022\/04\/1649350671853-1536x1277.jpg 1536w, https:\/\/aquarelleschatelain.fr\/wp-content\/uploads\/2022\/04\/1649350671853-2048x1703.jpg 2048w, https:\/\/aquarelleschatelain.fr\/wp-content\/uploads\/2022\/04\/1649350671853-1200x998.jpg 1200w, https:\/\/aquarelleschatelain.fr\/wp-content\/uploads\/2022\/04\/1649350671853-1980x1647.jpg 1980w\" sizes=\"(max-width: 680px) 100vw, 680px\" \/><\/figure>\n<p><!-- \/wp:image --><!-- wp:paragraph --><\/p>\n<p>D\u00e9monstration le 4 octobre 2021 \u00e0 la Villa M\u00e9dicis de Trouville sur invitation de Jean-Philippe Perrot et de l&rsquo;association <a href=\"https:\/\/www.helloasso.com\/associations\/accompagnon-age\" target=\"_blank\" rel=\"noopener\">Accompagnon&rsquo;\u00e2ge<\/a>\u00a0:<\/p>\n<p><!-- \/wp:paragraph --><!-- wp:image {\"id\":138,\"sizeSlug\":\"large\",\"linkDestination\":\"none\"} --><\/p>\n<figure class=\"wp-block-image size-large\"><img loading=\"lazy\" width=\"1024\" height=\"512\" class=\"wp-image-138\" src=\"http:\/\/aquarelleschatelain.fr\/wp-content\/uploads\/2022\/04\/expo-1024x512.jpg\" alt=\"Expo trouville\" srcset=\"https:\/\/aquarelleschatelain.fr\/wp-content\/uploads\/2022\/04\/expo-1024x512.jpg 1024w, https:\/\/aquarelleschatelain.fr\/wp-content\/uploads\/2022\/04\/expo-300x150.jpg 300w, https:\/\/aquarelleschatelain.fr\/wp-content\/uploads\/2022\/04\/expo-768x384.jpg 768w, https:\/\/aquarelleschatelain.fr\/wp-content\/uploads\/2022\/04\/expo-1536x768.jpg 1536w, https:\/\/aquarelleschatelain.fr\/wp-content\/uploads\/2022\/04\/expo-1200x600.jpg 1200w, https:\/\/aquarelleschatelain.fr\/wp-content\/uploads\/2022\/04\/expo.jpg 1785w\" sizes=\"(max-width: 1024px) 100vw, 1024px\" \/>\n<p>\u00a0<\/p>\n<figcaption>\n<p><img loading=\"lazy\" class=\"alignnone wp-image-689 size-large\" src=\"http:\/\/aquarelleschatelain.fr\/wp-content\/uploads\/2022\/05\/IMG_20211004_150836-1024x512.jpg\" alt=\"\" width=\"580\" height=\"290\" srcset=\"https:\/\/aquarelleschatelain.fr\/wp-content\/uploads\/2022\/05\/IMG_20211004_150836-1024x512.jpg 1024w, https:\/\/aquarelleschatelain.fr\/wp-content\/uploads\/2022\/05\/IMG_20211004_150836-300x150.jpg 300w, https:\/\/aquarelleschatelain.fr\/wp-content\/uploads\/2022\/05\/IMG_20211004_150836-768x384.jpg 768w, https:\/\/aquarelleschatelain.fr\/wp-content\/uploads\/2022\/05\/IMG_20211004_150836-1536x768.jpg 1536w, https:\/\/aquarelleschatelain.fr\/wp-content\/uploads\/2022\/05\/IMG_20211004_150836-2048x1024.jpg 2048w, https:\/\/aquarelleschatelain.fr\/wp-content\/uploads\/2022\/05\/IMG_20211004_150836-1200x600.jpg 1200w, https:\/\/aquarelleschatelain.fr\/wp-content\/uploads\/2022\/05\/IMG_20211004_150836-1980x990.jpg 1980w\" sizes=\"(max-width: 580px) 100vw, 580px\" \/><\/p>\n<\/figcaption>\n<\/figure>\n<p><!-- \/wp:image --><!-- wp:paragraph --><\/p>\n<p><img loading=\"lazy\" class=\"alignnone size-large wp-image-741\" src=\"http:\/\/aquarelleschatelain.fr\/wp-content\/uploads\/2022\/05\/copie-trouville-1024x456.jpeg\" alt=\"Trouville 2021\" width=\"580\" height=\"258\" srcset=\"https:\/\/aquarelleschatelain.fr\/wp-content\/uploads\/2022\/05\/copie-trouville-1024x456.jpeg 1024w, https:\/\/aquarelleschatelain.fr\/wp-content\/uploads\/2022\/05\/copie-trouville-300x134.jpeg 300w, https:\/\/aquarelleschatelain.fr\/wp-content\/uploads\/2022\/05\/copie-trouville-768x342.jpeg 768w, https:\/\/aquarelleschatelain.fr\/wp-content\/uploads\/2022\/05\/copie-trouville.jpeg 1112w\" sizes=\"(max-width: 580px) 100vw, 580px\" \/><\/p>\n<p>Exposition au casino de Houlgate le 6 janvier 2018.<\/p>\n<p><!-- \/wp:paragraph --><!-- wp:image {\"id\":52,\"sizeSlug\":\"large\",\"linkDestination\":\"none\"} --><\/p>\n<figure class=\"wp-block-image size-large\"><img loading=\"lazy\" width=\"1024\" height=\"473\" class=\"wp-image-52\" src=\"http:\/\/aquarelleschatelain.fr\/wp-content\/uploads\/2022\/04\/image000002-1-1024x473.jpg\" alt=\"Vernissage Houlgate\" srcset=\"https:\/\/aquarelleschatelain.fr\/wp-content\/uploads\/2022\/04\/image000002-1-1024x473.jpg 1024w, https:\/\/aquarelleschatelain.fr\/wp-content\/uploads\/2022\/04\/image000002-1-300x139.jpg 300w, https:\/\/aquarelleschatelain.fr\/wp-content\/uploads\/2022\/04\/image000002-1-768x355.jpg 768w, https:\/\/aquarelleschatelain.fr\/wp-content\/uploads\/2022\/04\/image000002-1-1536x709.jpg 1536w, https:\/\/aquarelleschatelain.fr\/wp-content\/uploads\/2022\/04\/image000002-1-1200x554.jpg 1200w, https:\/\/aquarelleschatelain.fr\/wp-content\/uploads\/2022\/04\/image000002-1.jpg 1832w\" sizes=\"(max-width: 1024px) 100vw, 1024px\" \/><\/figure>\n<p>Une vingtaine de <a href=\"https:\/\/aquarelleschatelain.fr\/?page_id=9\">tableaux<\/a> furent expos\u00e9s dans l&rsquo;enceinte de l&rsquo;\u00e9tablissement ainsi que dans le restaurant \u00ab\u00a0Entre Terre &amp; mer\u00a0\u00bb durant un mois entier.\u00a0<\/p>\n<p>Le casino de Houlgate a l&rsquo;habitude d&rsquo;organiser des expositions afin de promouvoir les talents locaux.<\/p>\n<p><!-- \/wp:image --><\/p>\t\t\t\t\t\t<\/div>\n\t\t\t\t<\/div>\n\t\t\t\t\t<\/div>\n\t\t<\/div>\n\t\t\t\t\t<\/div>\n\t\t<\/section>\n\t\t\t\t<section class=\"elementor-section elementor-top-section elementor-element elementor-element-e7c0e37 elementor-section-boxed elementor-section-height-default elementor-section-height-default\" data-id=\"e7c0e37\" data-element_type=\"section\">\n\t\t\t\t\t\t<div class=\"elementor-container elementor-column-gap-default\">\n\t\t\t\t\t<div class=\"elementor-column elementor-col-100 elementor-top-column elementor-element elementor-element-c5d1b92\" data-id=\"c5d1b92\" data-element_type=\"column\">\n\t\t\t<div class=\"elementor-widget-wrap elementor-element-populated\">\n\t\t\t\t\t\t<div class=\"elementor-element elementor-element-56b830e elementor-align-center elementor-widget elementor-widget-button\" data-id=\"56b830e\" data-element_type=\"widget\" data-widget_type=\"button.default\">\n\t\t\t\t<div class=\"elementor-widget-container\">\n\t\t\t\t\t<div class=\"elementor-button-wrapper\">\n\t\t\t<a class=\"elementor-button elementor-button-link elementor-size-xl\" href=\"https:\/\/aquarelleschatelain.fr\/index.php\/contact\/\">\n\t\t\t\t\t\t<span class=\"elementor-button-content-wrapper\">\n\t\t\t\t\t\t\t\t\t<span class=\"elementor-button-text\">Contact<\/span>\n\t\t\t\t\t<\/span>\n\t\t\t\t\t<\/a>\n\t\t<\/div>\n\t\t\t\t<\/div>\n\t\t\t\t<\/div>\n\t\t\t\t\t<\/div>\n\t\t<\/div>\n\t\t\t\t\t<\/div>\n\t\t<\/section>\n\t\t\t\t<\/div>\n\t\t","protected":false},"excerpt":{"rendered":"<p>Le\u00a0Salon des artistes de la ville de Puteaux 2023. Je suis tr\u00e8s heureux de participer \u00e0 la derni\u00e8re \u00e9dition du Salon des artistes de Puteaux. Du 21 octobre au 5 novembre, vous aurez l&rsquo;occasion d&rsquo;admirer quelqu&rsquo;un de mes tableaux ainsi que de nombreuses \u0153uvres d&rsquo;artistes de la ville. Des peintres, photographes, sculpteurs et plasticiens se [&hellip;]<\/p>\n","protected":false},"author":1,"featured_media":0,"parent":0,"menu_order":0,"comment_status":"closed","ping_status":"closed","template":"","meta":{"om_disable_all_campaigns":false,"_monsterinsights_skip_tracking":false,"_monsterinsights_sitenote_active":false,"_monsterinsights_sitenote_note":"","_monsterinsights_sitenote_category":0},"yoast_head":"<!-- This site is optimized with the Yoast SEO plugin v20.6 - https:\/\/yoast.com\/wordpress\/plugins\/seo\/ -->\n<title>\u00c9v\u00e9nements - Aquarelles Chatelain<\/title>\n<meta name=\"description\" content=\"Mes derniers \u00e9v\u00e9nements en date (exposition, d\u00e9monstration). Quelques participations \u00e0 l&#039;\u00e9v\u00e9nement annuel la Semaine Bleue.\" \/>\n<meta name=\"robots\" content=\"index, follow, max-snippet:-1, max-image-preview:large, max-video-preview:-1\" \/>\n<link rel=\"canonical\" href=\"https:\/\/aquarelleschatelain.fr\/index.php\/evenements-aquarelles-chatelain\/\" \/>\n<meta property=\"og:locale\" content=\"fr_FR\" \/>\n<meta property=\"og:type\" content=\"article\" \/>\n<meta property=\"og:title\" content=\"\u00c9v\u00e9nements - Aquarelles Chatelain\" \/>\n<meta property=\"og:description\" content=\"Mes derniers \u00e9v\u00e9nements en date (exposition, d\u00e9monstration). Quelques participations \u00e0 l&#039;\u00e9v\u00e9nement annuel la Semaine Bleue.\" \/>\n<meta property=\"og:url\" content=\"https:\/\/aquarelleschatelain.fr\/index.php\/evenements-aquarelles-chatelain\/\" \/>\n<meta property=\"og:site_name\" content=\"Aquarelles Chatelain\" \/>\n<meta property=\"article:modified_time\" content=\"2023-12-03T11:07:45+00:00\" \/>\n<meta property=\"og:image\" content=\"http:\/\/aquarelleschatelain.fr\/wp-content\/uploads\/2023\/10\/SALON-DES-ARTISTES_VisuWEB260x240px_actualitehome.jpg\" \/>\n<meta name=\"twitter:card\" content=\"summary_large_image\" \/>\n<meta name=\"twitter:label1\" content=\"Dur\u00e9e de lecture estim\u00e9e\" \/>\n\t<meta name=\"twitter:data1\" content=\"3 minutes\" \/>\n<script type=\"application\/ld+json\" class=\"yoast-schema-graph\">{\"@context\":\"https:\/\/schema.org\",\"@graph\":[{\"@type\":\"WebPage\",\"@id\":\"https:\/\/aquarelleschatelain.fr\/index.php\/evenements-aquarelles-chatelain\/\",\"url\":\"https:\/\/aquarelleschatelain.fr\/index.php\/evenements-aquarelles-chatelain\/\",\"name\":\"\u00c9v\u00e9nements - Aquarelles Chatelain\",\"isPartOf\":{\"@id\":\"https:\/\/aquarelleschatelain.fr\/#website\"},\"datePublished\":\"2022-04-20T14:41:50+00:00\",\"dateModified\":\"2023-12-03T11:07:45+00:00\",\"description\":\"Mes derniers \u00e9v\u00e9nements en date (exposition, d\u00e9monstration). Quelques participations \u00e0 l'\u00e9v\u00e9nement annuel la Semaine Bleue.\",\"breadcrumb\":{\"@id\":\"https:\/\/aquarelleschatelain.fr\/index.php\/evenements-aquarelles-chatelain\/#breadcrumb\"},\"inLanguage\":\"fr-FR\",\"potentialAction\":[{\"@type\":\"ReadAction\",\"target\":[\"https:\/\/aquarelleschatelain.fr\/index.php\/evenements-aquarelles-chatelain\/\"]}]},{\"@type\":\"BreadcrumbList\",\"@id\":\"https:\/\/aquarelleschatelain.fr\/index.php\/evenements-aquarelles-chatelain\/#breadcrumb\",\"itemListElement\":[{\"@type\":\"ListItem\",\"position\":1,\"name\":\"Accueil\",\"item\":\"https:\/\/aquarelleschatelain.fr\/\"},{\"@type\":\"ListItem\",\"position\":2,\"name\":\"\u00c9v\u00e9nements\"}]},{\"@type\":\"WebSite\",\"@id\":\"https:\/\/aquarelleschatelain.fr\/#website\",\"url\":\"https:\/\/aquarelleschatelain.fr\/\",\"name\":\"Aquarelles Chatelain\",\"description\":\"Aquarelles Dominique Chatelain\",\"publisher\":{\"@id\":\"https:\/\/aquarelleschatelain.fr\/#organization\"},\"potentialAction\":[{\"@type\":\"SearchAction\",\"target\":{\"@type\":\"EntryPoint\",\"urlTemplate\":\"https:\/\/aquarelleschatelain.fr\/?s={search_term_string}\"},\"query-input\":\"required name=search_term_string\"}],\"inLanguage\":\"fr-FR\"},{\"@type\":\"Organization\",\"@id\":\"https:\/\/aquarelleschatelain.fr\/#organization\",\"name\":\"Aquarelleschatelain\",\"url\":\"https:\/\/aquarelleschatelain.fr\/\",\"logo\":{\"@type\":\"ImageObject\",\"inLanguage\":\"fr-FR\",\"@id\":\"https:\/\/aquarelleschatelain.fr\/#\/schema\/logo\/image\/\",\"url\":\"https:\/\/aquarelleschatelain.fr\/wp-content\/uploads\/2022\/04\/cropped-logo-site-2.png\",\"contentUrl\":\"https:\/\/aquarelleschatelain.fr\/wp-content\/uploads\/2022\/04\/cropped-logo-site-2.png\",\"width\":103,\"height\":86,\"caption\":\"Aquarelleschatelain\"},\"image\":{\"@id\":\"https:\/\/aquarelleschatelain.fr\/#\/schema\/logo\/image\/\"}}]}<\/script>\n<!-- \/ Yoast SEO plugin. -->","yoast_head_json":{"title":"\u00c9v\u00e9nements - Aquarelles Chatelain","description":"Mes derniers \u00e9v\u00e9nements en date (exposition, d\u00e9monstration). Quelques participations \u00e0 l'\u00e9v\u00e9nement annuel la Semaine Bleue.","robots":{"index":"index","follow":"follow","max-snippet":"max-snippet:-1","max-image-preview":"max-image-preview:large","max-video-preview":"max-video-preview:-1"},"canonical":"https:\/\/aquarelleschatelain.fr\/index.php\/evenements-aquarelles-chatelain\/","og_locale":"fr_FR","og_type":"article","og_title":"\u00c9v\u00e9nements - Aquarelles Chatelain","og_description":"Mes derniers \u00e9v\u00e9nements en date (exposition, d\u00e9monstration). Quelques participations \u00e0 l'\u00e9v\u00e9nement annuel la Semaine Bleue.","og_url":"https:\/\/aquarelleschatelain.fr\/index.php\/evenements-aquarelles-chatelain\/","og_site_name":"Aquarelles Chatelain","article_modified_time":"2023-12-03T11:07:45+00:00","og_image":[{"url":"http:\/\/aquarelleschatelain.fr\/wp-content\/uploads\/2023\/10\/SALON-DES-ARTISTES_VisuWEB260x240px_actualitehome.jpg"}],"twitter_card":"summary_large_image","twitter_misc":{"Dur\u00e9e de lecture estim\u00e9e":"3 minutes"},"schema":{"@context":"https:\/\/schema.org","@graph":[{"@type":"WebPage","@id":"https:\/\/aquarelleschatelain.fr\/index.php\/evenements-aquarelles-chatelain\/","url":"https:\/\/aquarelleschatelain.fr\/index.php\/evenements-aquarelles-chatelain\/","name":"\u00c9v\u00e9nements - Aquarelles Chatelain","isPartOf":{"@id":"https:\/\/aquarelleschatelain.fr\/#website"},"datePublished":"2022-04-20T14:41:50+00:00","dateModified":"2023-12-03T11:07:45+00:00","description":"Mes derniers \u00e9v\u00e9nements en date (exposition, d\u00e9monstration). Quelques participations \u00e0 l'\u00e9v\u00e9nement annuel la Semaine Bleue.","breadcrumb":{"@id":"https:\/\/aquarelleschatelain.fr\/index.php\/evenements-aquarelles-chatelain\/#breadcrumb"},"inLanguage":"fr-FR","potentialAction":[{"@type":"ReadAction","target":["https:\/\/aquarelleschatelain.fr\/index.php\/evenements-aquarelles-chatelain\/"]}]},{"@type":"BreadcrumbList","@id":"https:\/\/aquarelleschatelain.fr\/index.php\/evenements-aquarelles-chatelain\/#breadcrumb","itemListElement":[{"@type":"ListItem","position":1,"name":"Accueil","item":"https:\/\/aquarelleschatelain.fr\/"},{"@type":"ListItem","position":2,"name":"\u00c9v\u00e9nements"}]},{"@type":"WebSite","@id":"https:\/\/aquarelleschatelain.fr\/#website","url":"https:\/\/aquarelleschatelain.fr\/","name":"Aquarelles Chatelain","description":"Aquarelles Dominique Chatelain","publisher":{"@id":"https:\/\/aquarelleschatelain.fr\/#organization"},"potentialAction":[{"@type":"SearchAction","target":{"@type":"EntryPoint","urlTemplate":"https:\/\/aquarelleschatelain.fr\/?s={search_term_string}"},"query-input":"required name=search_term_string"}],"inLanguage":"fr-FR"},{"@type":"Organization","@id":"https:\/\/aquarelleschatelain.fr\/#organization","name":"Aquarelleschatelain","url":"https:\/\/aquarelleschatelain.fr\/","logo":{"@type":"ImageObject","inLanguage":"fr-FR","@id":"https:\/\/aquarelleschatelain.fr\/#\/schema\/logo\/image\/","url":"https:\/\/aquarelleschatelain.fr\/wp-content\/uploads\/2022\/04\/cropped-logo-site-2.png","contentUrl":"https:\/\/aquarelleschatelain.fr\/wp-content\/uploads\/2022\/04\/cropped-logo-site-2.png","width":103,"height":86,"caption":"Aquarelleschatelain"},"image":{"@id":"https:\/\/aquarelleschatelain.fr\/#\/schema\/logo\/image\/"}}]}},"_links":{"self":[{"href":"https:\/\/aquarelleschatelain.fr\/index.php\/wp-json\/wp\/v2\/pages\/172"}],"collection":[{"href":"https:\/\/aquarelleschatelain.fr\/index.php\/wp-json\/wp\/v2\/pages"}],"about":[{"href":"https:\/\/aquarelleschatelain.fr\/index.php\/wp-json\/wp\/v2\/types\/page"}],"author":[{"embeddable":true,"href":"https:\/\/aquarelleschatelain.fr\/index.php\/wp-json\/wp\/v2\/users\/1"}],"replies":[{"embeddable":true,"href":"https:\/\/aquarelleschatelain.fr\/index.php\/wp-json\/wp\/v2\/comments?post=172"}],"version-history":[{"count":55,"href":"https:\/\/aquarelleschatelain.fr\/index.php\/wp-json\/wp\/v2\/pages\/172\/revisions"}],"predecessor-version":[{"id":1270,"href":"https:\/\/aquarelleschatelain.fr\/index.php\/wp-json\/wp\/v2\/pages\/172\/revisions\/1270"}],"wp:attachment":[{"href":"https:\/\/aquarelleschatelain.fr\/index.php\/wp-json\/wp\/v2\/media?parent=172"}],"curies":[{"name":"wp","href":"https:\/\/api.w.org\/{rel}","templated":true}]}}